{"id":4705,"date":"2020-06-08T11:00:44","date_gmt":"2020-06-08T11:00:44","guid":{"rendered":"https:\/\/www.ekovir.ee\/wp\/?page_id=4705"},"modified":"2025-03-19T10:58:47","modified_gmt":"2025-03-19T08:58:47","slug":"iso-et","status":"publish","type":"page","link":"https:\/\/www.ekovir.ee\/index.php\/iso-et\/","title":{"rendered":"ISO"},"content":{"rendered":"<div id=\"seasidetms_row_hm41reh0y\" class=\"seasidetms_row seasidetms_color_scheme_default seasidetms_row_top_default seasidetms_row_bot_default seasidetms_row_boxed\">\n<div class=\"seasidetms_row_outer_parent\">\n<div class=\"seasidetms_row_overlay\"><\/div>\n<div class=\"seasidetms_row_outer\">\n<div class=\"seasidetms_row_inner\">\n<div class=\"seasidetms_row_margin\">\n<div id=\"seasidetms_column_wf9td9mclg\" class=\"seasidetms_column one_third\">\n<div class=\"seasidetms_column_inner\"><div id=\"seasidetms_heading_5425xawbxc\" class=\"seasidetms_heading_wrap seasidetms_heading_align_left\">\n\t<h1 class=\"seasidetms_heading\">ISO 9001:2015 &amp; ISO 14001:2015<\/h1>\n<\/div>\n<\/div><\/div>\n<div id=\"seasidetms_column_eocjpl2fem\" class=\"seasidetms_column two_third\">\n<div class=\"seasidetms_column_inner\"><\/div><\/div>\n<\/div>\n<\/div>\n<\/div>\n<\/div>\n<\/div>\n<div id=\"seasidetms_row_6wpwxuxlbl\" class=\"seasidetms_row seasidetms_color_scheme_default seasidetms_row_top_default seasidetms_row_bot_default seasidetms_row_boxed\">\n<div class=\"seasidetms_row_outer_parent\">\n<div class=\"seasidetms_row_outer\">\n<div class=\"seasidetms_row_inner\">\n<div class=\"seasidetms_row_margin\">\n<div id=\"seasidetms_column_p4higsiws\" class=\"seasidetms_column one_first\">\n<div class=\"seasidetms_column_inner\"><div class=\"seasidetms_text\">\n<p><strong>EKOVIR O\u00dc p\u00f5hitegevuseks on j\u00e4\u00e4tmeveoteenuse osutamine klientidele.<\/strong><br \/>\n<strong>Ekovir O\u00dc peamine eesm\u00e4rk on tagada j\u00e4\u00e4tmek\u00e4itlusteenuste pikaajaline toimimine ja arendamine ettev\u00f5ttes.<\/strong><\/p>\n<p>EKOVIR O\u00dc on j\u00e4\u00e4tmek\u00e4itlusteenuste osutamisel teenuste n\u00f5uetele vastavuse, saastamise v\u00e4ltimise, kliendis\u00f5bralikkuse, kvaliteedi, t\u00e4htaegadest kinnipidamise ja laiemas plaanis ettev\u00f5tte efektiivsuse tagamiseks v\u00e4lja t\u00f6\u00f6tanud ja juurutanud rahvusvahelistele standarditele ISO <strong>9001:2015<\/strong> ja ISO <strong>14001:2015<\/strong> vastava integreeritud kvaliteedi- ja keskkonnajuhtimiss\u00fcsteemi.<\/p>\n<p>Ettev\u00f5tte tegevuste, toodete ja teenustega seotud keskkonnaaspektide ja oluliste keskkonnam\u00f5jude kohta olemasolevad teadmised on aluseks ettev\u00f5tte keskkonnapoliitika m\u00e4\u00e4ratlemisel, eesm\u00e4rkide ja \u00fclesannete p\u00fcstitamisel ning tegevuskavade ja toimimisjuhiste koostamisel. See v\u00f5imaldab tagada, et oluliste aspektidega seotud olulised keskkonnam\u00f5jud v\u00f5etakse keskkonnaeesm\u00e4rkide p\u00fcstitamisel arvesse.<\/p>\n<p>L\u00e4htuvalt olulistest keskkonnaaspektidest ja -m\u00f5judest (ER 402-1) p\u00fcstitatakse juhtkonna poolt keskkonnaalased p\u00f5him\u00f5tted (kvaliteedi- ja keskkonnapoliitika).<\/p>\n<p><b>Ettev\u00f5tte kvaliteedi- ja keskkonnapoliitika p\u00f5him\u00f5tted on j\u00e4rgmised:<\/b><\/p>\n<ul>\n<li>\u00a0<u><\/u>tagada klientide jm huvipoolte n\u00f5uete ja vajadustega arvestamine;<\/li>\n<li>tagada kvaliteet ja t\u00e4htaegsus ning muude kliendile antud lubaduste t\u00e4itmine teenuste osutamisel;<\/li>\n<li>tagada oma tegevuses seadusj\u00e4rgsete, normatiivsete ja muude n\u00f5uete j\u00e4rgimine;<\/li>\n<li>kasutada loodusressursse s\u00e4\u00e4stlikult;<\/li>\n<li>rakendada meetmeid reostamise ja keskkonna saastamise v\u00e4ltimiseks, et kaitsta loodust;<\/li>\n<li>edendada ringmajanduse p\u00f5him\u00f5tteid;<\/li>\n<li>arendada ettev\u00f5tte t\u00f6\u00f6tajate oskusi ja t\u00f5sta nende teadlikkust l\u00e4bi koolitusprotsessi;<\/li>\n<li>pidevalt suurendada ettev\u00f5tte efektiivsust l\u00e4bi kaasaegsete juhtimise ja planeerimise meetodite kasutamise;<\/li>\n<li>tagada juhtimiss\u00fcsteemi toimivus vastavalt standardite ISO 9001:2015 ja ISO 14001:2015 n\u00f5uetele ning juhtimiss\u00fcsteemi ja asjakohaste protsesside m\u00e4\u00e4ratlemine ja pidev parendamine;<\/li>\n<li>keskkonnaaspektide juhtimise m\u00f5\u00f5detavate tulemuste m\u00e4\u00e4ratlemine ning keskkonnategevuse tulemuslikkuse pidev parandamine keskkonnajuhtimis- ja auditeerimiss\u00fcsteemi EMAS kohaselt.<\/li>\n<\/ul>\n<p>K\u00e4esolev kvaliteedi- ja keskkonnapoliitika on edastatud ja selgitatud k\u00f5ikidele ettev\u00f5tte heaks v\u00f5i nimel t\u00f6\u00f6tavatele isikutele (EKOVIR O\u00dc t\u00f6\u00f6tajad, allt\u00f6\u00f6v\u00f5tjad, lepingulised t\u00f6\u00f6tajad jms).<\/p>\n<p><img loading=\"lazy\" class=\"alignnone wp-image-6555\" src=\"https:\/\/www.ekovir.ee\/wp-content\/uploads\/2024\/08\/9001-14001-EST-724x1024.jpg\" alt=\"\" width=\"450\" height=\"636\" srcset=\"https:\/\/www.ekovir.ee\/wp-content\/uploads\/2024\/08\/9001-14001-EST-724x1024.jpg 724w, https:\/\/www.ekovir.ee\/wp-content\/uploads\/2024\/08\/9001-14001-EST-212x300.jpg 212w, https:\/\/www.ekovir.ee\/wp-content\/uploads\/2024\/08\/9001-14001-EST-768x1087.jpg 768w, https:\/\/www.ekovir.ee\/wp-content\/uploads\/2024\/08\/9001-14001-EST-1085x1536.jpg 1085w, https:\/\/www.ekovir.ee\/wp-content\/uploads\/2024\/08\/9001-14001-EST-1447x2048.jpg 1447w, https:\/\/www.ekovir.ee\/wp-content\/uploads\/2024\/08\/9001-14001-EST-580x821.jpg 580w, https:\/\/www.ekovir.ee\/wp-content\/uploads\/2024\/08\/9001-14001-EST-860x1217.jpg 860w, https:\/\/www.ekovir.ee\/wp-content\/uploads\/2024\/08\/9001-14001-EST-1160x1642.jpg 1160w, https:\/\/www.ekovir.ee\/wp-content\/uploads\/2024\/08\/9001-14001-EST-600x849.jpg 600w, https:\/\/www.ekovir.ee\/wp-content\/uploads\/2024\/08\/9001-14001-EST-scaled.jpg 1809w\" sizes=\"(max-width: 450px) 100vw, 450px\" \/>\u00a0 \u00a0 \u00a0 \u00a0 <img loading=\"lazy\" class=\"alignnone wp-image-6556 \" src=\"https:\/\/www.ekovir.ee\/wp-content\/uploads\/2024\/08\/9001-14001-ENG-724x1024.jpg\" alt=\"\" width=\"450\" height=\"636\" srcset=\"https:\/\/www.ekovir.ee\/wp-content\/uploads\/2024\/08\/9001-14001-ENG-724x1024.jpg 724w, https:\/\/www.ekovir.ee\/wp-content\/uploads\/2024\/08\/9001-14001-ENG-212x300.jpg 212w, https:\/\/www.ekovir.ee\/wp-content\/uploads\/2024\/08\/9001-14001-ENG-768x1087.jpg 768w, https:\/\/www.ekovir.ee\/wp-content\/uploads\/2024\/08\/9001-14001-ENG-1085x1536.jpg 1085w, https:\/\/www.ekovir.ee\/wp-content\/uploads\/2024\/08\/9001-14001-ENG-1447x2048.jpg 1447w, https:\/\/www.ekovir.ee\/wp-content\/uploads\/2024\/08\/9001-14001-ENG-580x821.jpg 580w, https:\/\/www.ekovir.ee\/wp-content\/uploads\/2024\/08\/9001-14001-ENG-860x1217.jpg 860w, https:\/\/www.ekovir.ee\/wp-content\/uploads\/2024\/08\/9001-14001-ENG-1160x1642.jpg 1160w, https:\/\/www.ekovir.ee\/wp-content\/uploads\/2024\/08\/9001-14001-ENG-600x849.jpg 600w, https:\/\/www.ekovir.ee\/wp-content\/uploads\/2024\/08\/9001-14001-ENG-scaled.jpg 1809w\" sizes=\"(max-width: 450px) 100vw, 450px\" \/><\/p>\n<p style=\"text-align: center;\">\n<p>Ettev\u00f5tte eesm\u00e4rk on ohjeldada j\u00e4\u00e4tmete keskkonnam\u00f5ju. Looduskaitse tagamine on t\u00f6\u00f6kultuuri ja olemasolevate kogemuste pidev t\u00e4iendus, kasutades parimaid tehnilisi lahendusi.<br \/>\nTeenuste arendamine toimub oluliste keskkonnariskide aktiivse ja parima rakendamise kaudu. Leevendusmeetmete rakendamine ja keskkonnaseire on ettev\u00f5ttele kohustuslikud.<br \/>\nEttev\u00f5te j\u00e4lgib v\u00e4ljakujunenud keskkonnaaspektide tuvastamise ja hindamise protsessi. Keskkonna pideva parendamise aluseks on integreeritud juhtimiss\u00fcsteemi ja siseauditi juurutamine.<br \/>\nSeaduste ja muude tunnustatud n\u00f5uete j\u00e4rgimine on ettev\u00f5tte miinimumn\u00f5ue. Ettev\u00f5te tagab oma t\u00f6\u00f6tajatele vajaliku v\u00e4lja\u00f5ppe ja motivatsiooni. K\u00e4sundus ohustab teadvustavalt, et t\u00f6\u00f6kultuur oleks k\u00f5rgel tasemel ja koosk\u00f5las selle poliitika, p\u00f5him\u00f5tetega. K\u00f5igil juhtimistasanditel on kohustus t\u00f6\u00f6tada v\u00e4lja standarditel ISO 9001 ja ISO 14001 p\u00f5hinev integreeritud juhtimiss\u00fcsteem ja selle t\u00f5husust pidevalt t\u00e4iustada.<\/p>\n<p>Ettev\u00f5te valib oma allt\u00f6\u00f6v\u00f5tjate ja tarnijate osas valiku, m\u00f5jutades neid aktsepteerima selle poliitika p\u00f5him\u00f5tteid. Peame oluliseks suhete j\u00e4tkamist t\u00f6\u00f6tajate, klientide, oma tegevuse, asuvate elanike, f\u00fc\u00fcsilise keskkonnaga tervikuna, firmav\u00e4\u00e4rtuse kinnitamise esinduse loomise, ladustamise ja uute arendustega.<br \/>\nNeed p\u00f5him\u00f5tted on koosk\u00f5las ettev\u00f5tte raamdokumentidega ja selle rakendamist hinnatakse integreeritud juhtimiss\u00fcsteemi l\u00e4bivaatamise osana.<\/p>\n<\/div>\n<\/div><\/div>\n<\/div>\n<\/div>\n<\/div>\n<\/div>\n<\/div>\n<div id=\"seasidetms_row_cpw5brd23m\" class=\"seasidetms_row seasidetms_color_scheme_default seasidetms_row_top_default seasidetms_row_bot_default seasidetms_row_boxed\">\n<div class=\"seasidetms_row_outer_parent\">\n<div class=\"seasidetms_row_outer\">\n<div class=\"seasidetms_row_inner\">\n<div class=\"seasidetms_row_margin\">\n<div id=\"seasidetms_column_3jblqk1ow\" class=\"seasidetms_column one_first\">\n<div class=\"seasidetms_column_inner\"><div id=\"seasidetms_heading_cgtzydo9yi\" class=\"seasidetms_heading_wrap seasidetms_heading_align_left\">\n\t<h2 class=\"seasidetms_heading\">Kontaktid<\/h2>\n<\/div>\n<\/div><\/div>\n<\/div>\n<\/div>\n<\/div>\n<\/div>\n<\/div>\n<div id=\"seasidetms_row_8y2f0ts3pm\" class=\"seasidetms_row seasidetms_color_scheme_default seasidetms_row_top_default seasidetms_row_bot_default seasidetms_row_boxed\">\n<div class=\"seasidetms_row_outer_parent\">\n<div class=\"seasidetms_row_outer\">\n<div class=\"seasidetms_row_inner\">\n<div class=\"seasidetms_row_margin\">\n<div id=\"seasidetms_column_uikdkta98\" class=\"seasidetms_column one_first\">\n<div class=\"seasidetms_column_inner\">\n<div id=\"seasidetms_divider_jpegg71bg\" class=\"seasidetms_divider seasidetms_divider_width_custom seasidetms_divider_pos_left\"><\/div><div id=\"seasidetms_divider_jpegg71bg\" class=\"seasidetms_divider seasidetms_divider_width_long seasidetms_divider_pos_center\"><\/div>\n<\/div><\/div>\n<\/div>\n<\/div>\n<\/div>\n<\/div>\n<\/div>\n<div id=\"seasidetms_row_akx8q36rk\" class=\"seasidetms_row seasidetms_color_scheme_default seasidetms_row_top_default seasidetms_row_bot_default seasidetms_row_boxed\">\n<div class=\"seasidetms_row_outer_parent\">\n<div class=\"seasidetms_row_outer\">\n<div class=\"seasidetms_row_inner\">\n<div class=\"seasidetms_row_margin\">\n<div id=\"seasidetms_column_m451krhwyn\" class=\"seasidetms_column one_fourth\">\n<div class=\"seasidetms_column_inner\"><div class=\"seasidetms_text\">\n<h3>J\u00f5hvi \/ Sillam\u00e4e<\/h3>\n<div class=\"col-8 col-md-3\">\n<div class=\"flex_column av_one_fourth flex_column_div av-zero-column-padding first avia-builder-el-9 el_after_av_hr el_before_av_one_fourth \">\n<section class=\"av_textblock_section \">\n<div class=\"avia_textblock \">\n<ul>\n<li>Kaasiku 28<\/li>\n<li>tel. 33 66 726<\/li>\n<li>E-R: 08:00-17:00<\/li>\n<li>L-P: Suletud<\/li>\n<li>e-post: <a href=\"mailto:ekovir@ekovir.ee\">ekovir@ekovir.ee<\/a><\/li>\n<\/ul>\n<\/div>\n<\/section>\n<\/div>\n<\/div>\n<\/div>\n<\/div><\/div>\n<div id=\"seasidetms_column_jmznppsz48\" class=\"seasidetms_column one_fourth\">\n<div class=\"seasidetms_column_inner\"><div class=\"seasidetms_text\">\n<h3>Narva<\/h3>\n<ul>\n<li>L\u00e4\u00e4ne 5<\/li>\n<li>tel. 35 68 068<\/li>\n<li>E-R: 08:00-17:00 (12:00-13:00 l\u00f5una)<\/li>\n<li>L-P: Suletud<\/li>\n<li>e-post: <a href=\"mailto:narva@ekovir.ee\">narva@ekovir.ee<\/a><\/li>\n<\/ul>\n<\/div>\n<\/div><\/div>\n<div id=\"seasidetms_column_az73jo4ohw\" class=\"seasidetms_column one_fourth\">\n<div class=\"seasidetms_column_inner\"><div class=\"seasidetms_text\">\n<h3>Tallinn<\/h3>\n<ul>\n<li>Suur-S\u00f5jam\u00e4e 31<\/li>\n<li>tel. 60 53 869<\/li>\n<li>E-R: 08:00-16:30 (12:00-12:30 l\u00f5una)<\/li>\n<li>L-P: Suletud<\/li>\n<li>e-post: <a href=\"mailto:tallinn@ekovir.ee\">tallinn@ekovir.ee<\/a><\/li>\n<\/ul>\n<\/div>\n<\/div><\/div>\n<div id=\"seasidetms_column_6wmmdkjd1s\" class=\"seasidetms_column one_fourth\">\n<div class=\"seasidetms_column_inner\"><div class=\"seasidetms_text\">\n<h3>Tartu<\/h3>\n<ul>\n<li>Ropka tee 27<\/li>\n<li>tel. 7 333 660<\/li>\n<li>E-R: 08:00-17:00 (12:00-13:00 l\u00f5una)<\/li>\n<li>L-P: Suletud<\/li>\n<li>e-post: <a href=\"mailto:tartu@ekovir.ee\">tartu@ekovir.ee<\/a><\/li>\n<\/ul>\n<\/div>\n<\/div><\/div>\n<\/div>\n<\/div>\n<\/div>\n<\/div>\n<\/div>\n\n","protected":false},"excerpt":{"rendered":"","protected":false},"author":1,"featured_media":0,"parent":0,"menu_order":0,"comment_status":"closed","ping_status":"closed","template":"","meta":[],"yoast_head":"<!-- This site is optimized with the Yoast SEO plugin v18.6 - https:\/\/yoast.com\/wordpress\/plugins\/seo\/ -->\n<title>ISO - Ekovir<\/title>\n<meta name=\"robots\" content=\"index, follow, max-snippet:-1, max-image-preview:large, max-video-preview:-1\" \/>\n<link rel=\"canonical\" href=\"https:\/\/www.ekovir.ee\/index.php\/iso-et\/\" \/>\n<meta property=\"og:locale\" content=\"en_US\" \/>\n<meta property=\"og:type\" content=\"article\" \/>\n<meta property=\"og:title\" content=\"ISO - Ekovir\" \/>\n<meta property=\"og:url\" content=\"https:\/\/www.ekovir.ee\/index.php\/iso-et\/\" \/>\n<meta property=\"og:site_name\" content=\"Ekovir\" \/>\n<meta property=\"article:modified_time\" content=\"2025-03-19T08:58:47+00:00\" \/>\n<meta property=\"og:image\" content=\"https:\/\/www.ekovir.ee\/wp-content\/uploads\/2024\/08\/9001-14001-EST-724x1024.jpg\" \/>\n<meta name=\"twitter:card\" content=\"summary_large_image\" \/>\n<meta name=\"twitter:label1\" content=\"Est. reading time\" \/>\n\t<meta name=\"twitter:data1\" content=\"3 minutes\" \/>\n<script type=\"application\/ld+json\" class=\"yoast-schema-graph\">{\"@context\":\"https:\/\/schema.org\",\"@graph\":[{\"@type\":\"WebSite\",\"@id\":\"https:\/\/www.ekovir.ee\/#website\",\"url\":\"https:\/\/www.ekovir.ee\/\",\"name\":\"Ekovir\",\"description\":\"Ekovir\",\"potentialAction\":[{\"@type\":\"SearchAction\",\"target\":{\"@type\":\"EntryPoint\",\"urlTemplate\":\"https:\/\/www.ekovir.ee\/?s={search_term_string}\"},\"query-input\":\"required name=search_term_string\"}],\"inLanguage\":\"en-US\"},{\"@type\":\"ImageObject\",\"@id\":\"https:\/\/www.ekovir.ee\/index.php\/iso-et\/#primaryimage\",\"inLanguage\":\"en-US\",\"url\":\"https:\/\/www.ekovir.ee\/wp-content\/uploads\/2024\/08\/9001-14001-EST-724x1024.jpg\",\"contentUrl\":\"https:\/\/www.ekovir.ee\/wp-content\/uploads\/2024\/08\/9001-14001-EST-724x1024.jpg\"},{\"@type\":\"WebPage\",\"@id\":\"https:\/\/www.ekovir.ee\/index.php\/iso-et\/#webpage\",\"url\":\"https:\/\/www.ekovir.ee\/index.php\/iso-et\/\",\"name\":\"ISO - Ekovir\",\"isPartOf\":{\"@id\":\"https:\/\/www.ekovir.ee\/#website\"},\"primaryImageOfPage\":{\"@id\":\"https:\/\/www.ekovir.ee\/index.php\/iso-et\/#primaryimage\"},\"datePublished\":\"2020-06-08T11:00:44+00:00\",\"dateModified\":\"2025-03-19T08:58:47+00:00\",\"breadcrumb\":{\"@id\":\"https:\/\/www.ekovir.ee\/index.php\/iso-et\/#breadcrumb\"},\"inLanguage\":\"en-US\",\"potentialAction\":[{\"@type\":\"ReadAction\",\"target\":[\"https:\/\/www.ekovir.ee\/index.php\/iso-et\/\"]}]},{\"@type\":\"BreadcrumbList\",\"@id\":\"https:\/\/www.ekovir.ee\/index.php\/iso-et\/#breadcrumb\",\"itemListElement\":[{\"@type\":\"ListItem\",\"position\":1,\"name\":\"Home\",\"item\":\"https:\/\/www.ekovir.ee\/\"},{\"@type\":\"ListItem\",\"position\":2,\"name\":\"ISO\"}]}]}<\/script>\n<!-- \/ Yoast SEO plugin. -->","yoast_head_json":{"title":"ISO - Ekovir","robots":{"index":"index","follow":"follow","max-snippet":"max-snippet:-1","max-image-preview":"max-image-preview:large","max-video-preview":"max-video-preview:-1"},"canonical":"https:\/\/www.ekovir.ee\/index.php\/iso-et\/","og_locale":"en_US","og_type":"article","og_title":"ISO - Ekovir","og_url":"https:\/\/www.ekovir.ee\/index.php\/iso-et\/","og_site_name":"Ekovir","article_modified_time":"2025-03-19T08:58:47+00:00","og_image":[{"url":"https:\/\/www.ekovir.ee\/wp-content\/uploads\/2024\/08\/9001-14001-EST-724x1024.jpg"}],"twitter_card":"summary_large_image","twitter_misc":{"Est. reading time":"3 minutes"},"schema":{"@context":"https:\/\/schema.org","@graph":[{"@type":"WebSite","@id":"https:\/\/www.ekovir.ee\/#website","url":"https:\/\/www.ekovir.ee\/","name":"Ekovir","description":"Ekovir","potentialAction":[{"@type":"SearchAction","target":{"@type":"EntryPoint","urlTemplate":"https:\/\/www.ekovir.ee\/?s={search_term_string}"},"query-input":"required name=search_term_string"}],"inLanguage":"en-US"},{"@type":"ImageObject","@id":"https:\/\/www.ekovir.ee\/index.php\/iso-et\/#primaryimage","inLanguage":"en-US","url":"https:\/\/www.ekovir.ee\/wp-content\/uploads\/2024\/08\/9001-14001-EST-724x1024.jpg","contentUrl":"https:\/\/www.ekovir.ee\/wp-content\/uploads\/2024\/08\/9001-14001-EST-724x1024.jpg"},{"@type":"WebPage","@id":"https:\/\/www.ekovir.ee\/index.php\/iso-et\/#webpage","url":"https:\/\/www.ekovir.ee\/index.php\/iso-et\/","name":"ISO - Ekovir","isPartOf":{"@id":"https:\/\/www.ekovir.ee\/#website"},"primaryImageOfPage":{"@id":"https:\/\/www.ekovir.ee\/index.php\/iso-et\/#primaryimage"},"datePublished":"2020-06-08T11:00:44+00:00","dateModified":"2025-03-19T08:58:47+00:00","breadcrumb":{"@id":"https:\/\/www.ekovir.ee\/index.php\/iso-et\/#breadcrumb"},"inLanguage":"en-US","potentialAction":[{"@type":"ReadAction","target":["https:\/\/www.ekovir.ee\/index.php\/iso-et\/"]}]},{"@type":"BreadcrumbList","@id":"https:\/\/www.ekovir.ee\/index.php\/iso-et\/#breadcrumb","itemListElement":[{"@type":"ListItem","position":1,"name":"Home","item":"https:\/\/www.ekovir.ee\/"},{"@type":"ListItem","position":2,"name":"ISO"}]}]}},"_links":{"self":[{"href":"https:\/\/www.ekovir.ee\/index.php\/wp-json\/wp\/v2\/pages\/4705"}],"collection":[{"href":"https:\/\/www.ekovir.ee\/index.php\/wp-json\/wp\/v2\/pages"}],"about":[{"href":"https:\/\/www.ekovir.ee\/index.php\/wp-json\/wp\/v2\/types\/page"}],"author":[{"embeddable":true,"href":"https:\/\/www.ekovir.ee\/index.php\/wp-json\/wp\/v2\/users\/1"}],"replies":[{"embeddable":true,"href":"https:\/\/www.ekovir.ee\/index.php\/wp-json\/wp\/v2\/comments?post=4705"}],"version-history":[{"count":19,"href":"https:\/\/www.ekovir.ee\/index.php\/wp-json\/wp\/v2\/pages\/4705\/revisions"}],"predecessor-version":[{"id":6643,"href":"https:\/\/www.ekovir.ee\/index.php\/wp-json\/wp\/v2\/pages\/4705\/revisions\/6643"}],"wp:attachment":[{"href":"https:\/\/www.ekovir.ee\/index.php\/wp-json\/wp\/v2\/media?parent=4705"}],"curies":[{"name":"wp","href":"https:\/\/api.w.org\/{rel}","templated":true}]}}